{"id":436,"date":"2021-09-20T14:09:05","date_gmt":"2021-09-20T14:09:05","guid":{"rendered":"http:\/\/www.praguesirens.cz\/sample-page\/"},"modified":"2022-12-16T14:56:58","modified_gmt":"2022-12-16T14:56:58","slug":"sample-page","status":"publish","type":"page","link":"https:\/\/www.praguesirens.cz\/cs\/","title":{"rendered":"DOMOVSK\u00c1 STR\u00c1NKA"},"content":{"rendered":"","protected":false},"excerpt":{"rendered":"","protected":false},"author":1,"featured_media":0,"parent":0,"menu_order":0,"comment_status":"closed","ping_status":"closed","template":"templates\/homepage.php","meta":{"_acf_changed":false,"footnotes":""},"class_list":["post-436","page","type-page","status-publish","hentry"],"acf":[],"yoast_head":"<!-- This site is optimized with the Yoast SEO plugin v27.5 - https:\/\/yoast.com\/product\/yoast-seo-wordpress\/ -->\n<title>prague sirens \u0161kola zp\u011bvu praha vyuka zp\u011bvu praha<\/title>\n<meta name=\"description\" content=\"prague sirens \u0161kola zp\u011bvu praha vyuka zp\u011bvu praha hodiny zp\u011bvu prahalekce zp\u011bvu prahazp\u011bv prahalektor zp\u011bvu prahau\u010ditel zp\u011bvu prahavokalni instruktor prahakurzy zp\u011bvu prahaskupinov\u00e9 kurzy zp\u011bvu prahasp\u011bv ve skupin\u011b prahaskupinove lekce zp\u011bvu prahaskupinove hodiny zp\u011bvu prahasp\u011bv skupina prahaskupinovy zp\u011bv praha\" \/>\n<meta name=\"robots\" content=\"index, follow, max-snippet:-1, max-image-preview:large, max-video-preview:-1\" \/>\n<link rel=\"canonical\" href=\"https:\/\/www.praguesirens.cz\/cs\/\" \/>\n<meta property=\"og:locale\" content=\"cs_CZ\" \/>\n<meta property=\"og:type\" content=\"article\" \/>\n<meta property=\"og:title\" content=\"prague sirens \u0161kola zp\u011bvu praha vyuka zp\u011bvu praha\" \/>\n<meta property=\"og:description\" content=\"prague sirens \u0161kola zp\u011bvu praha vyuka zp\u011bvu praha hodiny zp\u011bvu prahalekce zp\u011bvu prahazp\u011bv prahalektor zp\u011bvu prahau\u010ditel zp\u011bvu prahavokalni instruktor prahakurzy zp\u011bvu prahaskupinov\u00e9 kurzy zp\u011bvu prahasp\u011bv ve skupin\u011b prahaskupinove lekce zp\u011bvu prahaskupinove hodiny zp\u011bvu prahasp\u011bv skupina prahaskupinovy zp\u011bv praha\" \/>\n<meta property=\"og:url\" content=\"https:\/\/www.praguesirens.cz\/cs\/\" \/>\n<meta property=\"og:site_name\" content=\"praguesirens\" \/>\n<meta property=\"article:modified_time\" content=\"2022-12-16T14:56:58+00:00\" \/>\n<meta name=\"twitter:card\" content=\"summary_large_image\" \/>\n<script type=\"application\/ld+json\" class=\"yoast-schema-graph\">{\"@context\":\"https:\\\/\\\/schema.org\",\"@graph\":[{\"@type\":\"WebPage\",\"@id\":\"https:\\\/\\\/www.praguesirens.cz\\\/cs\\\/\",\"url\":\"https:\\\/\\\/www.praguesirens.cz\\\/cs\\\/\",\"name\":\"prague sirens \u0161kola zp\u011bvu praha vyuka zp\u011bvu praha\",\"isPartOf\":{\"@id\":\"https:\\\/\\\/www.praguesirens.cz\\\/#website\"},\"datePublished\":\"2021-09-20T14:09:05+00:00\",\"dateModified\":\"2022-12-16T14:56:58+00:00\",\"description\":\"prague sirens \u0161kola zp\u011bvu praha vyuka zp\u011bvu praha hodiny zp\u011bvu prahalekce zp\u011bvu prahazp\u011bv prahalektor zp\u011bvu prahau\u010ditel zp\u011bvu prahavokalni instruktor prahakurzy zp\u011bvu prahaskupinov\u00e9 kurzy zp\u011bvu prahasp\u011bv ve skupin\u011b prahaskupinove lekce zp\u011bvu prahaskupinove hodiny zp\u011bvu prahasp\u011bv skupina prahaskupinovy zp\u011bv praha\",\"breadcrumb\":{\"@id\":\"https:\\\/\\\/www.praguesirens.cz\\\/cs\\\/#breadcrumb\"},\"inLanguage\":\"cs\",\"potentialAction\":[{\"@type\":\"ReadAction\",\"target\":[\"https:\\\/\\\/www.praguesirens.cz\\\/cs\\\/\"]}]},{\"@type\":\"BreadcrumbList\",\"@id\":\"https:\\\/\\\/www.praguesirens.cz\\\/cs\\\/#breadcrumb\",\"itemListElement\":[{\"@type\":\"ListItem\",\"position\":1,\"name\":\"Home\",\"item\":\"https:\\\/\\\/www.praguesirens.cz\\\/cs\\\/\"},{\"@type\":\"ListItem\",\"position\":2,\"name\":\"DOMOVSK\u00c1 STR\u00c1NKA\"}]},{\"@type\":\"WebSite\",\"@id\":\"https:\\\/\\\/www.praguesirens.cz\\\/#website\",\"url\":\"https:\\\/\\\/www.praguesirens.cz\\\/\",\"name\":\"praguesirens\",\"description\":\"\",\"potentialAction\":[{\"@type\":\"SearchAction\",\"target\":{\"@type\":\"EntryPoint\",\"urlTemplate\":\"https:\\\/\\\/www.praguesirens.cz\\\/?s={search_term_string}\"},\"query-input\":{\"@type\":\"PropertyValueSpecification\",\"valueRequired\":true,\"valueName\":\"search_term_string\"}}],\"inLanguage\":\"cs\"}]}<\/script>\n<!-- \/ Yoast SEO plugin. -->","yoast_head_json":{"title":"prague sirens \u0161kola zp\u011bvu praha vyuka zp\u011bvu praha","description":"prague sirens \u0161kola zp\u011bvu praha vyuka zp\u011bvu praha hodiny zp\u011bvu prahalekce zp\u011bvu prahazp\u011bv prahalektor zp\u011bvu prahau\u010ditel zp\u011bvu prahavokalni instruktor prahakurzy zp\u011bvu prahaskupinov\u00e9 kurzy zp\u011bvu prahasp\u011bv ve skupin\u011b prahaskupinove lekce zp\u011bvu prahaskupinove hodiny zp\u011bvu prahasp\u011bv skupina prahaskupinovy zp\u011bv praha","robots":{"index":"index","follow":"follow","max-snippet":"max-snippet:-1","max-image-preview":"max-image-preview:large","max-video-preview":"max-video-preview:-1"},"canonical":"https:\/\/www.praguesirens.cz\/cs\/","og_locale":"cs_CZ","og_type":"article","og_title":"prague sirens \u0161kola zp\u011bvu praha vyuka zp\u011bvu praha","og_description":"prague sirens \u0161kola zp\u011bvu praha vyuka zp\u011bvu praha hodiny zp\u011bvu prahalekce zp\u011bvu prahazp\u011bv prahalektor zp\u011bvu prahau\u010ditel zp\u011bvu prahavokalni instruktor prahakurzy zp\u011bvu prahaskupinov\u00e9 kurzy zp\u011bvu prahasp\u011bv ve skupin\u011b prahaskupinove lekce zp\u011bvu prahaskupinove hodiny zp\u011bvu prahasp\u011bv skupina prahaskupinovy zp\u011bv praha","og_url":"https:\/\/www.praguesirens.cz\/cs\/","og_site_name":"praguesirens","article_modified_time":"2022-12-16T14:56:58+00:00","twitter_card":"summary_large_image","schema":{"@context":"https:\/\/schema.org","@graph":[{"@type":"WebPage","@id":"https:\/\/www.praguesirens.cz\/cs\/","url":"https:\/\/www.praguesirens.cz\/cs\/","name":"prague sirens \u0161kola zp\u011bvu praha vyuka zp\u011bvu praha","isPartOf":{"@id":"https:\/\/www.praguesirens.cz\/#website"},"datePublished":"2021-09-20T14:09:05+00:00","dateModified":"2022-12-16T14:56:58+00:00","description":"prague sirens \u0161kola zp\u011bvu praha vyuka zp\u011bvu praha hodiny zp\u011bvu prahalekce zp\u011bvu prahazp\u011bv prahalektor zp\u011bvu prahau\u010ditel zp\u011bvu prahavokalni instruktor prahakurzy zp\u011bvu prahaskupinov\u00e9 kurzy zp\u011bvu prahasp\u011bv ve skupin\u011b prahaskupinove lekce zp\u011bvu prahaskupinove hodiny zp\u011bvu prahasp\u011bv skupina prahaskupinovy zp\u011bv praha","breadcrumb":{"@id":"https:\/\/www.praguesirens.cz\/cs\/#breadcrumb"},"inLanguage":"cs","potentialAction":[{"@type":"ReadAction","target":["https:\/\/www.praguesirens.cz\/cs\/"]}]},{"@type":"BreadcrumbList","@id":"https:\/\/www.praguesirens.cz\/cs\/#breadcrumb","itemListElement":[{"@type":"ListItem","position":1,"name":"Home","item":"https:\/\/www.praguesirens.cz\/cs\/"},{"@type":"ListItem","position":2,"name":"DOMOVSK\u00c1 STR\u00c1NKA"}]},{"@type":"WebSite","@id":"https:\/\/www.praguesirens.cz\/#website","url":"https:\/\/www.praguesirens.cz\/","name":"praguesirens","description":"","potentialAction":[{"@type":"SearchAction","target":{"@type":"EntryPoint","urlTemplate":"https:\/\/www.praguesirens.cz\/?s={search_term_string}"},"query-input":{"@type":"PropertyValueSpecification","valueRequired":true,"valueName":"search_term_string"}}],"inLanguage":"cs"}]}},"_links":{"self":[{"href":"https:\/\/www.praguesirens.cz\/cs\/wp-json\/wp\/v2\/pages\/436","targetHints":{"allow":["GET"]}}],"collection":[{"href":"https:\/\/www.praguesirens.cz\/cs\/wp-json\/wp\/v2\/pages"}],"about":[{"href":"https:\/\/www.praguesirens.cz\/cs\/wp-json\/wp\/v2\/types\/page"}],"author":[{"embeddable":true,"href":"https:\/\/www.praguesirens.cz\/cs\/wp-json\/wp\/v2\/users\/1"}],"replies":[{"embeddable":true,"href":"https:\/\/www.praguesirens.cz\/cs\/wp-json\/wp\/v2\/comments?post=436"}],"version-history":[{"count":16,"href":"https:\/\/www.praguesirens.cz\/cs\/wp-json\/wp\/v2\/pages\/436\/revisions"}],"predecessor-version":[{"id":734,"href":"https:\/\/www.praguesirens.cz\/cs\/wp-json\/wp\/v2\/pages\/436\/revisions\/734"}],"wp:attachment":[{"href":"https:\/\/www.praguesirens.cz\/cs\/wp-json\/wp\/v2\/media?parent=436"}],"curies":[{"name":"wp","href":"https:\/\/api.w.org\/{rel}","templated":true}]}}