{"id":440,"date":"2021-09-21T14:03:26","date_gmt":"2021-09-21T14:03:26","guid":{"rendered":"http:\/\/www.praguesirens.cz\/contact\/"},"modified":"2022-12-16T15:00:11","modified_gmt":"2022-12-16T15:00:11","slug":"kontakt","status":"publish","type":"page","link":"https:\/\/www.praguesirens.cz\/cs\/kontakt\/","title":{"rendered":"KONTAKT"},"content":{"rendered":"","protected":false},"excerpt":{"rendered":"","protected":false},"author":1,"featured_media":371,"parent":0,"menu_order":0,"comment_status":"closed","ping_status":"closed","template":"templates\/contact.php","meta":{"_acf_changed":false,"footnotes":""},"class_list":["post-440","page","type-page","status-publish","has-post-thumbnail","hentry"],"acf":[],"yoast_head":"<!-- This site is optimized with the Yoast SEO plugin v27.5 - https:\/\/yoast.com\/product\/yoast-seo-wordpress\/ -->\n<title>KONTAKT - praguesirens<\/title>\n<meta name=\"description\" content=\"Prvn\u00ed krok je v\u017edy ten nejt\u011b\u017e\u0161\u00ed. \u201eJe zp\u00edv\u00e1n\u00ed opravdu pro m\u011b?\u201c, \u201eM\u00e1m v\u016fbec talent?\u201c, \u201eBude tam pro m\u011b m\u00edsto?\u201c, \u201eJak\u00fd bude m\u016fj lektor?\u201c, \u201eBudu se tam c\u00edtit dob\u0159e?\u201cOdpov\u011bdi m\u016f\u017eete naj\u00edt, jen kdy\u017e to zkus\u00edte. A proto v\u00e1s zveme na nez\u00e1vaznou zku\u0161ebn\u00ed lekci zdarma.\" \/>\n<meta name=\"robots\" content=\"index, follow, max-snippet:-1, max-image-preview:large, max-video-preview:-1\" \/>\n<link rel=\"canonical\" href=\"https:\/\/www.praguesirens.cz\/cs\/kontakt\/\" \/>\n<meta property=\"og:locale\" content=\"cs_CZ\" \/>\n<meta property=\"og:type\" content=\"article\" \/>\n<meta property=\"og:title\" content=\"KONTAKT - praguesirens\" \/>\n<meta property=\"og:description\" content=\"Prvn\u00ed krok je v\u017edy ten nejt\u011b\u017e\u0161\u00ed. \u201eJe zp\u00edv\u00e1n\u00ed opravdu pro m\u011b?\u201c, \u201eM\u00e1m v\u016fbec talent?\u201c, \u201eBude tam pro m\u011b m\u00edsto?\u201c, \u201eJak\u00fd bude m\u016fj lektor?\u201c, \u201eBudu se tam c\u00edtit dob\u0159e?\u201cOdpov\u011bdi m\u016f\u017eete naj\u00edt, jen kdy\u017e to zkus\u00edte. A proto v\u00e1s zveme na nez\u00e1vaznou zku\u0161ebn\u00ed lekci zdarma.\" \/>\n<meta property=\"og:url\" content=\"https:\/\/www.praguesirens.cz\/cs\/kontakt\/\" \/>\n<meta property=\"og:site_name\" content=\"praguesirens\" \/>\n<meta property=\"article:modified_time\" content=\"2022-12-16T15:00:11+00:00\" \/>\n<meta property=\"og:image\" content=\"https:\/\/www.praguesirens.cz\/wp-content\/uploads\/contact-scaled.jpg\" \/>\n\t<meta property=\"og:image:width\" content=\"1934\" \/>\n\t<meta property=\"og:image:height\" content=\"2560\" \/>\n\t<meta property=\"og:image:type\" content=\"image\/jpeg\" \/>\n<meta name=\"twitter:card\" content=\"summary_large_image\" \/>\n<script type=\"application\/ld+json\" class=\"yoast-schema-graph\">{\"@context\":\"https:\\\/\\\/schema.org\",\"@graph\":[{\"@type\":\"WebPage\",\"@id\":\"https:\\\/\\\/www.praguesirens.cz\\\/cs\\\/kontakt\\\/\",\"url\":\"https:\\\/\\\/www.praguesirens.cz\\\/cs\\\/kontakt\\\/\",\"name\":\"KONTAKT - praguesirens\",\"isPartOf\":{\"@id\":\"https:\\\/\\\/www.praguesirens.cz\\\/#website\"},\"primaryImageOfPage\":{\"@id\":\"https:\\\/\\\/www.praguesirens.cz\\\/cs\\\/kontakt\\\/#primaryimage\"},\"image\":{\"@id\":\"https:\\\/\\\/www.praguesirens.cz\\\/cs\\\/kontakt\\\/#primaryimage\"},\"thumbnailUrl\":\"https:\\\/\\\/www.praguesirens.cz\\\/wp-content\\\/uploads\\\/contact-scaled.jpg\",\"datePublished\":\"2021-09-21T14:03:26+00:00\",\"dateModified\":\"2022-12-16T15:00:11+00:00\",\"description\":\"Prvn\u00ed krok je v\u017edy ten nejt\u011b\u017e\u0161\u00ed. \u201eJe zp\u00edv\u00e1n\u00ed opravdu pro m\u011b?\u201c, \u201eM\u00e1m v\u016fbec talent?\u201c, \u201eBude tam pro m\u011b m\u00edsto?\u201c, \u201eJak\u00fd bude m\u016fj lektor?\u201c, \u201eBudu se tam c\u00edtit dob\u0159e?\u201cOdpov\u011bdi m\u016f\u017eete naj\u00edt, jen kdy\u017e to zkus\u00edte. A proto v\u00e1s zveme na nez\u00e1vaznou zku\u0161ebn\u00ed lekci zdarma.\",\"breadcrumb\":{\"@id\":\"https:\\\/\\\/www.praguesirens.cz\\\/cs\\\/kontakt\\\/#breadcrumb\"},\"inLanguage\":\"cs\",\"potentialAction\":[{\"@type\":\"ReadAction\",\"target\":[\"https:\\\/\\\/www.praguesirens.cz\\\/cs\\\/kontakt\\\/\"]}]},{\"@type\":\"ImageObject\",\"inLanguage\":\"cs\",\"@id\":\"https:\\\/\\\/www.praguesirens.cz\\\/cs\\\/kontakt\\\/#primaryimage\",\"url\":\"https:\\\/\\\/www.praguesirens.cz\\\/wp-content\\\/uploads\\\/contact-scaled.jpg\",\"contentUrl\":\"https:\\\/\\\/www.praguesirens.cz\\\/wp-content\\\/uploads\\\/contact-scaled.jpg\",\"width\":1934,\"height\":2560},{\"@type\":\"BreadcrumbList\",\"@id\":\"https:\\\/\\\/www.praguesirens.cz\\\/cs\\\/kontakt\\\/#breadcrumb\",\"itemListElement\":[{\"@type\":\"ListItem\",\"position\":1,\"name\":\"Home\",\"item\":\"https:\\\/\\\/www.praguesirens.cz\\\/cs\\\/\"},{\"@type\":\"ListItem\",\"position\":2,\"name\":\"KONTAKT\"}]},{\"@type\":\"WebSite\",\"@id\":\"https:\\\/\\\/www.praguesirens.cz\\\/#website\",\"url\":\"https:\\\/\\\/www.praguesirens.cz\\\/\",\"name\":\"praguesirens\",\"description\":\"\",\"potentialAction\":[{\"@type\":\"SearchAction\",\"target\":{\"@type\":\"EntryPoint\",\"urlTemplate\":\"https:\\\/\\\/www.praguesirens.cz\\\/?s={search_term_string}\"},\"query-input\":{\"@type\":\"PropertyValueSpecification\",\"valueRequired\":true,\"valueName\":\"search_term_string\"}}],\"inLanguage\":\"cs\"}]}<\/script>\n<!-- \/ Yoast SEO plugin. -->","yoast_head_json":{"title":"KONTAKT - praguesirens","description":"Prvn\u00ed krok je v\u017edy ten nejt\u011b\u017e\u0161\u00ed. \u201eJe zp\u00edv\u00e1n\u00ed opravdu pro m\u011b?\u201c, \u201eM\u00e1m v\u016fbec talent?\u201c, \u201eBude tam pro m\u011b m\u00edsto?\u201c, \u201eJak\u00fd bude m\u016fj lektor?\u201c, \u201eBudu se tam c\u00edtit dob\u0159e?\u201cOdpov\u011bdi m\u016f\u017eete naj\u00edt, jen kdy\u017e to zkus\u00edte. A proto v\u00e1s zveme na nez\u00e1vaznou zku\u0161ebn\u00ed lekci zdarma.","robots":{"index":"index","follow":"follow","max-snippet":"max-snippet:-1","max-image-preview":"max-image-preview:large","max-video-preview":"max-video-preview:-1"},"canonical":"https:\/\/www.praguesirens.cz\/cs\/kontakt\/","og_locale":"cs_CZ","og_type":"article","og_title":"KONTAKT - praguesirens","og_description":"Prvn\u00ed krok je v\u017edy ten nejt\u011b\u017e\u0161\u00ed. \u201eJe zp\u00edv\u00e1n\u00ed opravdu pro m\u011b?\u201c, \u201eM\u00e1m v\u016fbec talent?\u201c, \u201eBude tam pro m\u011b m\u00edsto?\u201c, \u201eJak\u00fd bude m\u016fj lektor?\u201c, \u201eBudu se tam c\u00edtit dob\u0159e?\u201cOdpov\u011bdi m\u016f\u017eete naj\u00edt, jen kdy\u017e to zkus\u00edte. A proto v\u00e1s zveme na nez\u00e1vaznou zku\u0161ebn\u00ed lekci zdarma.","og_url":"https:\/\/www.praguesirens.cz\/cs\/kontakt\/","og_site_name":"praguesirens","article_modified_time":"2022-12-16T15:00:11+00:00","og_image":[{"width":1934,"height":2560,"url":"https:\/\/www.praguesirens.cz\/wp-content\/uploads\/contact-scaled.jpg","type":"image\/jpeg"}],"twitter_card":"summary_large_image","schema":{"@context":"https:\/\/schema.org","@graph":[{"@type":"WebPage","@id":"https:\/\/www.praguesirens.cz\/cs\/kontakt\/","url":"https:\/\/www.praguesirens.cz\/cs\/kontakt\/","name":"KONTAKT - praguesirens","isPartOf":{"@id":"https:\/\/www.praguesirens.cz\/#website"},"primaryImageOfPage":{"@id":"https:\/\/www.praguesirens.cz\/cs\/kontakt\/#primaryimage"},"image":{"@id":"https:\/\/www.praguesirens.cz\/cs\/kontakt\/#primaryimage"},"thumbnailUrl":"https:\/\/www.praguesirens.cz\/wp-content\/uploads\/contact-scaled.jpg","datePublished":"2021-09-21T14:03:26+00:00","dateModified":"2022-12-16T15:00:11+00:00","description":"Prvn\u00ed krok je v\u017edy ten nejt\u011b\u017e\u0161\u00ed. \u201eJe zp\u00edv\u00e1n\u00ed opravdu pro m\u011b?\u201c, \u201eM\u00e1m v\u016fbec talent?\u201c, \u201eBude tam pro m\u011b m\u00edsto?\u201c, \u201eJak\u00fd bude m\u016fj lektor?\u201c, \u201eBudu se tam c\u00edtit dob\u0159e?\u201cOdpov\u011bdi m\u016f\u017eete naj\u00edt, jen kdy\u017e to zkus\u00edte. A proto v\u00e1s zveme na nez\u00e1vaznou zku\u0161ebn\u00ed lekci zdarma.","breadcrumb":{"@id":"https:\/\/www.praguesirens.cz\/cs\/kontakt\/#breadcrumb"},"inLanguage":"cs","potentialAction":[{"@type":"ReadAction","target":["https:\/\/www.praguesirens.cz\/cs\/kontakt\/"]}]},{"@type":"ImageObject","inLanguage":"cs","@id":"https:\/\/www.praguesirens.cz\/cs\/kontakt\/#primaryimage","url":"https:\/\/www.praguesirens.cz\/wp-content\/uploads\/contact-scaled.jpg","contentUrl":"https:\/\/www.praguesirens.cz\/wp-content\/uploads\/contact-scaled.jpg","width":1934,"height":2560},{"@type":"BreadcrumbList","@id":"https:\/\/www.praguesirens.cz\/cs\/kontakt\/#breadcrumb","itemListElement":[{"@type":"ListItem","position":1,"name":"Home","item":"https:\/\/www.praguesirens.cz\/cs\/"},{"@type":"ListItem","position":2,"name":"KONTAKT"}]},{"@type":"WebSite","@id":"https:\/\/www.praguesirens.cz\/#website","url":"https:\/\/www.praguesirens.cz\/","name":"praguesirens","description":"","potentialAction":[{"@type":"SearchAction","target":{"@type":"EntryPoint","urlTemplate":"https:\/\/www.praguesirens.cz\/?s={search_term_string}"},"query-input":{"@type":"PropertyValueSpecification","valueRequired":true,"valueName":"search_term_string"}}],"inLanguage":"cs"}]}},"_links":{"self":[{"href":"https:\/\/www.praguesirens.cz\/cs\/wp-json\/wp\/v2\/pages\/440","targetHints":{"allow":["GET"]}}],"collection":[{"href":"https:\/\/www.praguesirens.cz\/cs\/wp-json\/wp\/v2\/pages"}],"about":[{"href":"https:\/\/www.praguesirens.cz\/cs\/wp-json\/wp\/v2\/types\/page"}],"author":[{"embeddable":true,"href":"https:\/\/www.praguesirens.cz\/cs\/wp-json\/wp\/v2\/users\/1"}],"replies":[{"embeddable":true,"href":"https:\/\/www.praguesirens.cz\/cs\/wp-json\/wp\/v2\/comments?post=440"}],"version-history":[{"count":22,"href":"https:\/\/www.praguesirens.cz\/cs\/wp-json\/wp\/v2\/pages\/440\/revisions"}],"predecessor-version":[{"id":692,"href":"https:\/\/www.praguesirens.cz\/cs\/wp-json\/wp\/v2\/pages\/440\/revisions\/692"}],"wp:featuredmedia":[{"embeddable":true,"href":"https:\/\/www.praguesirens.cz\/cs\/wp-json\/wp\/v2\/media\/371"}],"wp:attachment":[{"href":"https:\/\/www.praguesirens.cz\/cs\/wp-json\/wp\/v2\/media?parent=440"}],"curies":[{"name":"wp","href":"https:\/\/api.w.org\/{rel}","templated":true}]}}