{"id":445,"date":"2021-09-22T17:30:36","date_gmt":"2021-09-22T17:30:36","guid":{"rendered":"http:\/\/www.praguesirens.cz\/sirens\/"},"modified":"2022-12-16T14:58:27","modified_gmt":"2022-12-16T14:58:27","slug":"sirens","status":"publish","type":"page","link":"https:\/\/www.praguesirens.cz\/cs\/sirens\/","title":{"rendered":"SIR\u00c9NY"},"content":{"rendered":"","protected":false},"excerpt":{"rendered":"","protected":false},"author":1,"featured_media":548,"parent":0,"menu_order":0,"comment_status":"closed","ping_status":"closed","template":"templates\/sirens.php","meta":{"_acf_changed":false,"footnotes":""},"class_list":["post-445","page","type-page","status-publish","has-post-thumbnail","hentry"],"acf":[],"yoast_head":"<!-- This site is optimized with the Yoast SEO plugin v27.1.1 - https:\/\/yoast.com\/product\/yoast-seo-wordpress\/ -->\n<title>SIR\u00c9NY - praguesirens<\/title>\n<meta name=\"description\" content=\"P\u0159i bli\u017e\u0161\u00edm pohledu mnoh\u00fdm z\u00a0n\u00e1s doch\u00e1z\u00ed, \u017ee to, co je kolem n\u00e1s, a to, co je v\u00a0n\u00e1s, nen\u00ed ve spr\u00e1vn\u00e9 rovnov\u00e1ze. V\u00a0prost\u0159ed\u00ed, kter\u00e9 charakterizuje honba za ekonomick\u00fdm v\u00fdkonem a spousta spole\u010densk\u00fdch pravidel, m\u00e1me n\u011bkdy pocit, \u017ee jsme ztratili spojen\u00ed sami se sebou. Na\u0161e skute\u010dn\u00e9 identity se jako by vypa\u0159ily, a to nechceme p\u0159ijmout.\" \/>\n<meta name=\"robots\" content=\"index, follow, max-snippet:-1, max-image-preview:large, max-video-preview:-1\" \/>\n<link rel=\"canonical\" href=\"https:\/\/www.praguesirens.cz\/cs\/sirens\/\" \/>\n<meta property=\"og:locale\" content=\"cs_CZ\" \/>\n<meta property=\"og:type\" content=\"article\" \/>\n<meta property=\"og:title\" content=\"SIR\u00c9NY - praguesirens\" \/>\n<meta property=\"og:description\" content=\"P\u0159i bli\u017e\u0161\u00edm pohledu mnoh\u00fdm z\u00a0n\u00e1s doch\u00e1z\u00ed, \u017ee to, co je kolem n\u00e1s, a to, co je v\u00a0n\u00e1s, nen\u00ed ve spr\u00e1vn\u00e9 rovnov\u00e1ze. V\u00a0prost\u0159ed\u00ed, kter\u00e9 charakterizuje honba za ekonomick\u00fdm v\u00fdkonem a spousta spole\u010densk\u00fdch pravidel, m\u00e1me n\u011bkdy pocit, \u017ee jsme ztratili spojen\u00ed sami se sebou. Na\u0161e skute\u010dn\u00e9 identity se jako by vypa\u0159ily, a to nechceme p\u0159ijmout.\" \/>\n<meta property=\"og:url\" content=\"https:\/\/www.praguesirens.cz\/cs\/sirens\/\" \/>\n<meta property=\"og:site_name\" content=\"praguesirens\" \/>\n<meta property=\"article:modified_time\" content=\"2022-12-16T14:58:27+00:00\" \/>\n<meta property=\"og:image\" content=\"https:\/\/www.praguesirens.cz\/wp-content\/uploads\/1.1.jpg\" \/>\n\t<meta property=\"og:image:width\" content=\"1509\" \/>\n\t<meta property=\"og:image:height\" content=\"2000\" \/>\n\t<meta property=\"og:image:type\" content=\"image\/jpeg\" \/>\n<meta name=\"twitter:card\" content=\"summary_large_image\" \/>\n<script type=\"application\/ld+json\" class=\"yoast-schema-graph\">{\"@context\":\"https:\/\/schema.org\",\"@graph\":[{\"@type\":\"WebPage\",\"@id\":\"https:\/\/www.praguesirens.cz\/cs\/sirens\/\",\"url\":\"https:\/\/www.praguesirens.cz\/cs\/sirens\/\",\"name\":\"SIR\u00c9NY - praguesirens\",\"isPartOf\":{\"@id\":\"https:\/\/www.praguesirens.cz\/#website\"},\"primaryImageOfPage\":{\"@id\":\"https:\/\/www.praguesirens.cz\/cs\/sirens\/#primaryimage\"},\"image\":{\"@id\":\"https:\/\/www.praguesirens.cz\/cs\/sirens\/#primaryimage\"},\"thumbnailUrl\":\"https:\/\/www.praguesirens.cz\/wp-content\/uploads\/1.1.jpg\",\"datePublished\":\"2021-09-22T17:30:36+00:00\",\"dateModified\":\"2022-12-16T14:58:27+00:00\",\"description\":\"P\u0159i bli\u017e\u0161\u00edm pohledu mnoh\u00fdm z\u00a0n\u00e1s doch\u00e1z\u00ed, \u017ee to, co je kolem n\u00e1s, a to, co je v\u00a0n\u00e1s, nen\u00ed ve spr\u00e1vn\u00e9 rovnov\u00e1ze. V\u00a0prost\u0159ed\u00ed, kter\u00e9 charakterizuje honba za ekonomick\u00fdm v\u00fdkonem a spousta spole\u010densk\u00fdch pravidel, m\u00e1me n\u011bkdy pocit, \u017ee jsme ztratili spojen\u00ed sami se sebou. Na\u0161e skute\u010dn\u00e9 identity se jako by vypa\u0159ily, a to nechceme p\u0159ijmout.\",\"breadcrumb\":{\"@id\":\"https:\/\/www.praguesirens.cz\/cs\/sirens\/#breadcrumb\"},\"inLanguage\":\"cs\",\"potentialAction\":[{\"@type\":\"ReadAction\",\"target\":[\"https:\/\/www.praguesirens.cz\/cs\/sirens\/\"]}]},{\"@type\":\"ImageObject\",\"inLanguage\":\"cs\",\"@id\":\"https:\/\/www.praguesirens.cz\/cs\/sirens\/#primaryimage\",\"url\":\"https:\/\/www.praguesirens.cz\/wp-content\/uploads\/1.1.jpg\",\"contentUrl\":\"https:\/\/www.praguesirens.cz\/wp-content\/uploads\/1.1.jpg\",\"width\":1509,\"height\":2000},{\"@type\":\"BreadcrumbList\",\"@id\":\"https:\/\/www.praguesirens.cz\/cs\/sirens\/#breadcrumb\",\"itemListElement\":[{\"@type\":\"ListItem\",\"position\":1,\"name\":\"Home\",\"item\":\"https:\/\/www.praguesirens.cz\/cs\/\"},{\"@type\":\"ListItem\",\"position\":2,\"name\":\"SIR\u00c9NY\"}]},{\"@type\":\"WebSite\",\"@id\":\"https:\/\/www.praguesirens.cz\/#website\",\"url\":\"https:\/\/www.praguesirens.cz\/\",\"name\":\"praguesirens\",\"description\":\"\",\"potentialAction\":[{\"@type\":\"SearchAction\",\"target\":{\"@type\":\"EntryPoint\",\"urlTemplate\":\"https:\/\/www.praguesirens.cz\/?s={search_term_string}\"},\"query-input\":{\"@type\":\"PropertyValueSpecification\",\"valueRequired\":true,\"valueName\":\"search_term_string\"}}],\"inLanguage\":\"cs\"}]}<\/script>\n<!-- \/ Yoast SEO plugin. -->","yoast_head_json":{"title":"SIR\u00c9NY - praguesirens","description":"P\u0159i bli\u017e\u0161\u00edm pohledu mnoh\u00fdm z\u00a0n\u00e1s doch\u00e1z\u00ed, \u017ee to, co je kolem n\u00e1s, a to, co je v\u00a0n\u00e1s, nen\u00ed ve spr\u00e1vn\u00e9 rovnov\u00e1ze. V\u00a0prost\u0159ed\u00ed, kter\u00e9 charakterizuje honba za ekonomick\u00fdm v\u00fdkonem a spousta spole\u010densk\u00fdch pravidel, m\u00e1me n\u011bkdy pocit, \u017ee jsme ztratili spojen\u00ed sami se sebou. Na\u0161e skute\u010dn\u00e9 identity se jako by vypa\u0159ily, a to nechceme p\u0159ijmout.","robots":{"index":"index","follow":"follow","max-snippet":"max-snippet:-1","max-image-preview":"max-image-preview:large","max-video-preview":"max-video-preview:-1"},"canonical":"https:\/\/www.praguesirens.cz\/cs\/sirens\/","og_locale":"cs_CZ","og_type":"article","og_title":"SIR\u00c9NY - praguesirens","og_description":"P\u0159i bli\u017e\u0161\u00edm pohledu mnoh\u00fdm z\u00a0n\u00e1s doch\u00e1z\u00ed, \u017ee to, co je kolem n\u00e1s, a to, co je v\u00a0n\u00e1s, nen\u00ed ve spr\u00e1vn\u00e9 rovnov\u00e1ze. V\u00a0prost\u0159ed\u00ed, kter\u00e9 charakterizuje honba za ekonomick\u00fdm v\u00fdkonem a spousta spole\u010densk\u00fdch pravidel, m\u00e1me n\u011bkdy pocit, \u017ee jsme ztratili spojen\u00ed sami se sebou. Na\u0161e skute\u010dn\u00e9 identity se jako by vypa\u0159ily, a to nechceme p\u0159ijmout.","og_url":"https:\/\/www.praguesirens.cz\/cs\/sirens\/","og_site_name":"praguesirens","article_modified_time":"2022-12-16T14:58:27+00:00","og_image":[{"width":1509,"height":2000,"url":"https:\/\/www.praguesirens.cz\/wp-content\/uploads\/1.1.jpg","type":"image\/jpeg"}],"twitter_card":"summary_large_image","schema":{"@context":"https:\/\/schema.org","@graph":[{"@type":"WebPage","@id":"https:\/\/www.praguesirens.cz\/cs\/sirens\/","url":"https:\/\/www.praguesirens.cz\/cs\/sirens\/","name":"SIR\u00c9NY - praguesirens","isPartOf":{"@id":"https:\/\/www.praguesirens.cz\/#website"},"primaryImageOfPage":{"@id":"https:\/\/www.praguesirens.cz\/cs\/sirens\/#primaryimage"},"image":{"@id":"https:\/\/www.praguesirens.cz\/cs\/sirens\/#primaryimage"},"thumbnailUrl":"https:\/\/www.praguesirens.cz\/wp-content\/uploads\/1.1.jpg","datePublished":"2021-09-22T17:30:36+00:00","dateModified":"2022-12-16T14:58:27+00:00","description":"P\u0159i bli\u017e\u0161\u00edm pohledu mnoh\u00fdm z\u00a0n\u00e1s doch\u00e1z\u00ed, \u017ee to, co je kolem n\u00e1s, a to, co je v\u00a0n\u00e1s, nen\u00ed ve spr\u00e1vn\u00e9 rovnov\u00e1ze. V\u00a0prost\u0159ed\u00ed, kter\u00e9 charakterizuje honba za ekonomick\u00fdm v\u00fdkonem a spousta spole\u010densk\u00fdch pravidel, m\u00e1me n\u011bkdy pocit, \u017ee jsme ztratili spojen\u00ed sami se sebou. Na\u0161e skute\u010dn\u00e9 identity se jako by vypa\u0159ily, a to nechceme p\u0159ijmout.","breadcrumb":{"@id":"https:\/\/www.praguesirens.cz\/cs\/sirens\/#breadcrumb"},"inLanguage":"cs","potentialAction":[{"@type":"ReadAction","target":["https:\/\/www.praguesirens.cz\/cs\/sirens\/"]}]},{"@type":"ImageObject","inLanguage":"cs","@id":"https:\/\/www.praguesirens.cz\/cs\/sirens\/#primaryimage","url":"https:\/\/www.praguesirens.cz\/wp-content\/uploads\/1.1.jpg","contentUrl":"https:\/\/www.praguesirens.cz\/wp-content\/uploads\/1.1.jpg","width":1509,"height":2000},{"@type":"BreadcrumbList","@id":"https:\/\/www.praguesirens.cz\/cs\/sirens\/#breadcrumb","itemListElement":[{"@type":"ListItem","position":1,"name":"Home","item":"https:\/\/www.praguesirens.cz\/cs\/"},{"@type":"ListItem","position":2,"name":"SIR\u00c9NY"}]},{"@type":"WebSite","@id":"https:\/\/www.praguesirens.cz\/#website","url":"https:\/\/www.praguesirens.cz\/","name":"praguesirens","description":"","potentialAction":[{"@type":"SearchAction","target":{"@type":"EntryPoint","urlTemplate":"https:\/\/www.praguesirens.cz\/?s={search_term_string}"},"query-input":{"@type":"PropertyValueSpecification","valueRequired":true,"valueName":"search_term_string"}}],"inLanguage":"cs"}]}},"_links":{"self":[{"href":"https:\/\/www.praguesirens.cz\/cs\/wp-json\/wp\/v2\/pages\/445","targetHints":{"allow":["GET"]}}],"collection":[{"href":"https:\/\/www.praguesirens.cz\/cs\/wp-json\/wp\/v2\/pages"}],"about":[{"href":"https:\/\/www.praguesirens.cz\/cs\/wp-json\/wp\/v2\/types\/page"}],"author":[{"embeddable":true,"href":"https:\/\/www.praguesirens.cz\/cs\/wp-json\/wp\/v2\/users\/1"}],"replies":[{"embeddable":true,"href":"https:\/\/www.praguesirens.cz\/cs\/wp-json\/wp\/v2\/comments?post=445"}],"version-history":[{"count":17,"href":"https:\/\/www.praguesirens.cz\/cs\/wp-json\/wp\/v2\/pages\/445\/revisions"}],"predecessor-version":[{"id":611,"href":"https:\/\/www.praguesirens.cz\/cs\/wp-json\/wp\/v2\/pages\/445\/revisions\/611"}],"wp:featuredmedia":[{"embeddable":true,"href":"https:\/\/www.praguesirens.cz\/cs\/wp-json\/wp\/v2\/media\/548"}],"wp:attachment":[{"href":"https:\/\/www.praguesirens.cz\/cs\/wp-json\/wp\/v2\/media?parent=445"}],"curies":[{"name":"wp","href":"https:\/\/api.w.org\/{rel}","templated":true}]}}